{"id":1269,"date":"2025-10-16T19:42:34","date_gmt":"2025-10-16T23:42:34","guid":{"rendered":"https:\/\/artesmiami.org\/?page_id=1269"},"modified":"2026-01-23T09:41:43","modified_gmt":"2026-01-23T14:41:43","slug":"apoyanos","status":"publish","type":"page","link":"https:\/\/artesmiami.org\/es\/apoyanos\/","title":{"rendered":"Ap\u00f3yanos"},"content":{"rendered":"\t\t<div data-elementor-type=\"wp-page\" data-elementor-id=\"1269\" class=\"elementor elementor-1269 elementor-330\" data-elementor-post-type=\"page\">\n\t\t\t\t<div class=\"elementor-element elementor-element-a2b5d35 e-flex e-con-boxed e-con e-parent\" data-id=\"a2b5d35\" data-element_type=\"container\" data-settings=\"{&quot;background_background&quot;:&quot;classic&quot;}\">\n\t\t\t\t\t<div class=\"e-con-inner\">\n\t\t\t\t<div class=\"elementor-element elementor-element-ae99114 elementor-view-framed elementor-position-left elementor-mobile-position-left elementor-shape-circle elementor-widget elementor-widget-icon-box\" data-id=\"ae99114\" data-element_type=\"widget\" data-widget_type=\"icon-box.default\">\n\t\t\t\t\t\t\t<div class=\"elementor-icon-box-wrapper\">\n\n\t\t\t\t\t\t<div class=\"elementor-icon-box-icon\">\n\t\t\t\t<a href=\"https:\/\/artesmiami.org\/es\/\" class=\"elementor-icon\" tabindex=\"-1\" aria-label=\"Volver al Inicio\">\n\t\t\t\t<svg xmlns=\"http:\/\/www.w3.org\/2000\/svg\" id=\"Capa_1\" viewBox=\"0 0 25 25\"><polygon points=\"17.2 24.8 6.3 12.5 17.2 .2 18.7 1.5 9 12.5 18.7 23.5 17.2 24.8\" fill=\"currentColor\"><\/polygon><\/svg>\t\t\t\t<\/a>\n\t\t\t<\/div>\n\t\t\t\n\t\t\t\t\t\t<div class=\"elementor-icon-box-content\">\n\n\t\t\t\t\t\t\t\t\t<h3 class=\"elementor-icon-box-title\">\n\t\t\t\t\t\t<a href=\"https:\/\/artesmiami.org\/es\/\" >\n\t\t\t\t\t\t\tVolver al Inicio\t\t\t\t\t\t<\/a>\n\t\t\t\t\t<\/h3>\n\t\t\t\t\n\t\t\t\t\n\t\t\t<\/div>\n\t\t\t\n\t\t<\/div>\n\t\t\t\t\t\t<\/div>\n\t\t\t\t<div class=\"elementor-element elementor-element-ca0d958 elementor-widget elementor-widget-heading\" data-id=\"ca0d958\" data-element_type=\"widget\" data-widget_type=\"heading.default\">\n\t\t\t\t\t<h2 class=\"elementor-heading-title elementor-size-default\">Ap\u00f3yanos<\/h2>\t\t\t\t<\/div>\n\t\t\t\t<div class=\"elementor-element elementor-element-3c452eb elementor-widget-divider--view-line elementor-widget elementor-widget-divider\" data-id=\"3c452eb\" data-element_type=\"widget\" data-widget_type=\"divider.default\">\n\t\t\t\t\t\t\t<div class=\"elementor-divider\">\n\t\t\t<span class=\"elementor-divider-separator\">\n\t\t\t\t\t\t<\/span>\n\t\t<\/div>\n\t\t\t\t\t\t<\/div>\n\t\t\t\t\t<\/div>\n\t\t\t\t<\/div>\n\t\t<div class=\"elementor-element elementor-element-9497171 e-flex e-con-boxed e-con e-parent\" data-id=\"9497171\" data-element_type=\"container\" data-settings=\"{&quot;background_background&quot;:&quot;classic&quot;}\">\n\t\t\t\t\t<div class=\"e-con-inner\">\n\t\t<div class=\"elementor-element elementor-element-0c02570 e-con-full e-flex e-con e-child\" data-id=\"0c02570\" data-element_type=\"container\">\n\t\t\t\t<div class=\"elementor-element elementor-element-9d555ca elementor-widget-tablet__width-inherit elementor-widget elementor-widget-heading\" data-id=\"9d555ca\" data-element_type=\"widget\" data-widget_type=\"heading.default\">\n\t\t\t\t\t<h2 class=\"elementor-heading-title elementor-size-default\">\u00a1Dona ahora y \u00fanete a todos nuestros queridos benefactores!<\/h2>\t\t\t\t<\/div>\n\t\t\t\t<\/div>\n\t\t<div class=\"elementor-element elementor-element-e49b77f e-con-full e-flex e-con e-child\" data-id=\"e49b77f\" data-element_type=\"container\">\n\t\t\t\t<div class=\"elementor-element elementor-element-8785364 elementor-tablet-align-center elementor-widget elementor-widget-button\" data-id=\"8785364\" data-element_type=\"widget\" data-widget_type=\"button.default\">\n\t\t\t\t\t\t\t\t\t\t<a class=\"elementor-button elementor-button-link elementor-size-sm\" href=\"https:\/\/www.paypal.com\/donate\/?hosted_button_id=E8JXKLHZGXEDA\" target=\"_blank\" rel=\"noopener\">\n\t\t\t\t\t\t<span class=\"elementor-button-content-wrapper\">\n\t\t\t\t\t\t\t\t\t<span class=\"elementor-button-text\">\u00a1Haz tu donaci\u00f3n aqu\u00ed!<\/span>\n\t\t\t\t\t<\/span>\n\t\t\t\t\t<\/a>\n\t\t\t\t\t\t\t\t<\/div>\n\t\t\t\t<\/div>\n\t\t\t\t\t<\/div>\n\t\t\t\t<\/div>\n\t\t<div class=\"elementor-element elementor-element-f02a027 e-flex e-con-boxed e-con e-parent\" data-id=\"f02a027\" data-element_type=\"container\" data-settings=\"{&quot;background_background&quot;:&quot;classic&quot;}\">\n\t\t\t\t\t<div class=\"e-con-inner\">\n\t\t\t\t<div class=\"elementor-element elementor-element-84f025b elementor-widget-tablet__width-inherit elementor-widget elementor-widget-heading\" data-id=\"84f025b\" data-element_type=\"widget\" data-widget_type=\"heading.default\">\n\t\t\t\t\t<h2 class=\"elementor-heading-title elementor-size-default\">ArtesMiami Sponsorship Levels<\/h2>\t\t\t\t<\/div>\n\t\t\t\t<div class=\"elementor-element elementor-element-0550dd2 elementor-widget-divider--view-line elementor-widget elementor-widget-divider\" data-id=\"0550dd2\" data-element_type=\"widget\" data-widget_type=\"divider.default\">\n\t\t\t\t\t\t\t<div class=\"elementor-divider\">\n\t\t\t<span class=\"elementor-divider-separator\">\n\t\t\t\t\t\t<\/span>\n\t\t<\/div>\n\t\t\t\t\t\t<\/div>\n\t\t\t\t<div class=\"elementor-element elementor-element-7368b02 elementor-widget__width-initial elementor-widget elementor-widget-text-editor\" data-id=\"7368b02\" data-element_type=\"widget\" data-widget_type=\"text-editor.default\">\n\t\t\t\t\t\t\t\t\t<ul><li><strong>Patrocinador Diamante<\/strong> \u2013 $10,000 o m\u00e1s<\/li><li><strong>Patrocinador Platino<\/strong> \u2013 $5,000 a $9,999<\/li><li><strong>Patrocinador Oro<\/strong> \u2013 $2,500 a $4,999<\/li><li><strong data-start=\"309\" data-end=\"331\">Patrocinador Plata<\/strong> \u2013 $1,000 a $2,499<\/li><li><strong data-start=\"354\" data-end=\"377\">Patrocinador Bronce<\/strong> \u2013 $500 a $999<\/li><li><strong data-start=\"396\" data-end=\"405\">Amigo<\/strong> \u2013 $100 a $499<\/li><li><strong data-start=\"424\" data-end=\"435\">Miembro<\/strong> \u2013 $30<\/li><\/ul>\t\t\t\t\t\t\t\t<\/div>\n\t\t\t\t<div class=\"elementor-element elementor-element-92cc704 elementor-widget__width-initial elementor-widget elementor-widget-text-editor\" data-id=\"92cc704\" data-element_type=\"widget\" data-widget_type=\"text-editor.default\">\n\t\t\t\t\t\t\t\t\t<p>Para obtener informaci\u00f3n sobre los beneficios de patrocinar ArtesMiami, por favor contacte: <a href=\"mailto:alevitan@artesmiami.org\"><strong>alevitan@artesmiami.org<\/strong><\/a><\/p>\t\t\t\t\t\t\t\t<\/div>\n\t\t\t\t\t<\/div>\n\t\t\t\t<\/div>\n\t\t<div class=\"elementor-element elementor-element-0a4b73a e-flex e-con-boxed e-con e-parent\" data-id=\"0a4b73a\" data-element_type=\"container\" data-settings=\"{&quot;background_background&quot;:&quot;classic&quot;}\">\n\t\t\t\t\t<div class=\"e-con-inner\">\n\t\t<div class=\"elementor-element elementor-element-6b8eb8a e-con-full e-flex e-con e-child\" data-id=\"6b8eb8a\" data-element_type=\"container\">\n\t\t\t\t<div class=\"elementor-element elementor-element-74af04c elementor-widget-tablet__width-inherit elementor-widget elementor-widget-heading\" data-id=\"74af04c\" data-element_type=\"widget\" data-widget_type=\"heading.default\">\n\t\t\t\t\t<h2 class=\"elementor-heading-title elementor-size-default\">Oportunidades de patrocinio<\/h2>\t\t\t\t<\/div>\n\t\t\t\t<div class=\"elementor-element elementor-element-1757c03 elementor-widget elementor-widget-text-editor\" data-id=\"1757c03\" data-element_type=\"widget\" data-widget_type=\"text-editor.default\">\n\t\t\t\t\t\t\t\t\t<p>Como una organizaci\u00f3n sin \u00e1nimo de lucro (501c3), ArtesMiami depende de las contribuciones deducibles de los impuestos de individuos, organizaciones y fundaciones para cumplir su misi\u00f3n.<br \/>Hay muchas maneras en las que puede apoyar a ArtesMiami, Inc. por tan poco como $30 por a\u00f1o.<br \/>Seleccione la manera de apoyarnos que sea m\u00e1s apropiada para Ud. y rellene el formulario, o escr\u00edbanos a <a href=\"mailto:info@artesmiami.org\">info@artesmiami.org<\/a> para recibir informaci\u00f3n adicional.<\/p>\t\t\t\t\t\t\t\t<\/div>\n\t\t\t\t<\/div>\n\t\t\t\t\t<\/div>\n\t\t\t\t<\/div>\n\t\t<div class=\"elementor-element elementor-element-7a0ff4b e-con-full elementor-hidden-desktop elementor-hidden-tablet elementor-hidden-mobile e-flex e-con e-parent\" data-id=\"7a0ff4b\" data-element_type=\"container\" data-settings=\"{&quot;background_background&quot;:&quot;classic&quot;}\">\n\t\t<div class=\"elementor-element elementor-element-8856471 e-con-full e-flex e-con e-child\" data-id=\"8856471\" data-element_type=\"container\">\n\t\t<div class=\"elementor-element elementor-element-25f74f7 e-con-full e-flex e-con e-child\" data-id=\"25f74f7\" data-element_type=\"container\">\n\t\t\t\t<div class=\"elementor-element elementor-element-e7b4aba elementor-widget__width-initial elementor-widget-tablet__width-inherit elementor-widget elementor-widget-heading\" data-id=\"e7b4aba\" data-element_type=\"widget\" data-widget_type=\"heading.default\">\n\t\t\t\t\t<h2 class=\"elementor-heading-title elementor-size-default\">Benefactor\/a del libros de EDITORIAL ARTESMIAMI - $2,500 por libro<\/h2>\t\t\t\t<\/div>\n\t\t\t\t<div class=\"elementor-element elementor-element-528f1b2 elementor-widget__width-initial elementor-widget-tablet__width-inherit elementor-widget elementor-widget-text-editor\" data-id=\"528f1b2\" data-element_type=\"widget\" data-widget_type=\"text-editor.default\">\n\t\t\t\t\t\t\t\t\t<ul class=\"default\"><li>Una oportunidad de auspiciar la publicaci\u00f3n de un libro de poes\u00eda por un escritor o escritores locales y de ser reconocido en el libro, publicado por EDITORIAL ARTESMIAMI, que es divisi\u00f3n de ArtesMiami.<\/li><li>Los beneficios incluyen reconocimiento del Benefactor despu\u00e9s de la p\u00e1gina de t\u00edtulo del libro.<\/li><li>El logo y\/o nombre aparecer\u00e1n de manera prominente en todo material promocional y de prensa, inclusive en un anuncio de su patrocinio en 3.000 correos electr\u00f3nicos a importantes l\u00edderes del sur de la Florida.<\/li><li>Menci\u00f3n de la marca\/compa\u00f1\u00eda o el individuo como Benefactor del libro en comunicados de prensa en ingl\u00e9s y espa\u00f1ol, los cuales se distribuir\u00e1n a docenas de medios de la Florida.<\/li><li>El\/la Benefactor\/a puede desplegar material de promoci\u00f3n en eventos para presentar el libro.<\/li><li>Veinte libros gratuitos (con valor de $300).<\/li><\/ul><p>(En 2011-2012 EDITORIAL ARTESMIAMI publicar\u00e1 libros en espa\u00f1ol e ingl\u00e9s.)<\/p>\t\t\t\t\t\t\t\t<\/div>\n\t\t\t\t<\/div>\n\t\t<div class=\"elementor-element elementor-element-142d0fc e-con-full e-flex e-con e-child\" data-id=\"142d0fc\" data-element_type=\"container\" data-settings=\"{&quot;background_background&quot;:&quot;classic&quot;}\">\n\t\t\t\t<\/div>\n\t\t\t\t<\/div>\n\t\t\t\t<\/div>\n\t\t<div class=\"elementor-element elementor-element-f04be1b elementor-hidden-desktop elementor-hidden-tablet elementor-hidden-mobile e-flex e-con-boxed e-con e-parent\" data-id=\"f04be1b\" data-element_type=\"container\" data-settings=\"{&quot;background_background&quot;:&quot;classic&quot;}\">\n\t\t\t\t\t<div class=\"e-con-inner\">\n\t\t<div class=\"elementor-element elementor-element-4a770cd e-con-full e-flex e-con e-child\" data-id=\"4a770cd\" data-element_type=\"container\">\n\t\t\t\t<div class=\"elementor-element elementor-element-3870930 elementor-widget__width-initial elementor-widget-tablet__width-inherit elementor-widget elementor-widget-heading\" data-id=\"3870930\" data-element_type=\"widget\" data-widget_type=\"heading.default\">\n\t\t\t\t\t<h2 class=\"elementor-heading-title elementor-size-default\">Poes\u00eda Gourmet. Poes\u00eda y Almuerzos\/Cenas - $1,200 por evento<\/h2>\t\t\t\t<\/div>\n\t\t\t\t<div class=\"elementor-element elementor-element-49cb4c7 elementor-widget elementor-widget-text-editor\" data-id=\"49cb4c7\" data-element_type=\"widget\" data-widget_type=\"text-editor.default\">\n\t\t\t\t\t\t\t\t\t<ul class=\"default\"><li>Una oportunidad de invitar y presentar su marca\/producto a los l\u00edderes m\u00e1s influyentes del sur de Florida, quienes vendr\u00edan a o\u00edr a los mejores poetas locales que leen de su trabajo y la red con otros l\u00edderes en almuerzos o comidas de gourmet.<\/li><li>ArtesMiami seleccionar\u00e1 a los VIPS que ser\u00e1n invitados de nuestra base de datos de 3.000 nombres, trabajando en la coordinaci\u00f3n con el patrocinador.<\/li><li>Cada evento costar\u00e1 a ArtesMiami por lo menos $55 por persona por un almuerzo o cena de tres platos gourmet (m\u00e1s el impuesto y la propia as\u00ed como el costo de un libro de EDITORIAL ARTESMIAMI). Debido a que es gratuito el almuerzo o cena para los invitados esperamos una buena participaci\u00f3n. Adem\u00e1s, recibir\u00e1n una copia del libro de poes\u00eda m\u00e1s reciente de EDITORIAL ARTESMIAMI, as\u00ed como una lectura y discusi\u00f3n con el\/la autor\/a.<\/li><li>Los Beneficios incluyen: la menci\u00f3n del patrocinador en los comunicados en ingl\u00e9s y espa\u00f1ol y la distribuci\u00f3n de \u00e9stos a docenas de periodistas del sur de la Florida; presentaci\u00f3n del patrocinador en el acontecimiento, y una invitaci\u00f3n a actividades y recepciones culturales patrocinados por ArtesMiami, Inc.<\/li><\/ul>\t\t\t\t\t\t\t\t<\/div>\n\t\t\t\t<\/div>\n\t\t\t\t\t<\/div>\n\t\t\t\t<\/div>\n\t\t<div class=\"elementor-element elementor-element-2a55d55 elementor-hidden-desktop elementor-hidden-tablet elementor-hidden-mobile e-flex e-con-boxed e-con e-parent\" data-id=\"2a55d55\" data-element_type=\"container\">\n\t\t\t\t\t<div class=\"e-con-inner\">\n\t\t<div class=\"elementor-element elementor-element-d042c4a e-con-full e-flex e-con e-child\" data-id=\"d042c4a\" data-element_type=\"container\">\n\t\t\t\t<div class=\"elementor-element elementor-element-abb3c2a elementor-widget__width-initial elementor-widget-tablet__width-inherit elementor-widget elementor-widget-heading\" data-id=\"abb3c2a\" data-element_type=\"widget\" data-widget_type=\"heading.default\">\n\t\t\t\t\t<h2 class=\"elementor-heading-title elementor-size-default\">El Poeta Viajero \u2013 Lecturas de Poes\u00eda y presentaciones a estudiantes locales - $600 por presentaci\u00f3n<\/h2>\t\t\t\t<\/div>\n\t\t\t\t<div class=\"elementor-element elementor-element-b087319 elementor-widget elementor-widget-text-editor\" data-id=\"b087319\" data-element_type=\"widget\" data-widget_type=\"text-editor.default\">\n\t\t\t\t\t\t\t\t\t<ul class=\"default\"><li>Una oportunidad de patrocinar presentaciones por poetas locales en escuelas p\u00fablicas de Miami Dade y Broward as\u00ed como en colegios privados y universidades. Un poeta local leer\u00e1 su poes\u00eda y discutir\u00e1 la poes\u00eda como una manera de expresar sentimientos en una manera positiva. Los estudiantes escribir\u00e1n un poema, y algunos lo leer\u00e1n a la clase entera. El Poeta Viajero ya ha visitado algunas escuelas. M\u00e1s visitas se llevar\u00e1n a cabo en 2011-12, en espa\u00f1ol e ingl\u00e9s. Cada escuela recibir\u00e1 un donativo de $200, para la compra de libros de poes\u00eda y otros materiales educativos. El poeta recibir\u00e1 un pago de $400 por cada d\u00eda de presentaciones.<\/li><li>Los Beneficios de auspiciar el programa incluyen: el reconocimiento de patrocinador en comunicados distribuidos en ingl\u00e9s y espa\u00f1ol; reconocimiento de patrocinador en la presentaci\u00f3n; y el reconocimiento de patrocinador en el sitio web.<\/li><li>Los patrocinadores tambi\u00e9n ser\u00e1n invitados a recepciones privadas y actividades culturales de ArtesMiami y se les presentar\u00e1 en las mismas.<\/li><\/ul>\t\t\t\t\t\t\t\t<\/div>\n\t\t\t\t<\/div>\n\t\t\t\t\t<\/div>\n\t\t\t\t<\/div>\n\t\t<div class=\"elementor-element elementor-element-5a4c8cc elementor-hidden-desktop elementor-hidden-tablet elementor-hidden-mobile e-flex e-con-boxed e-con e-parent\" data-id=\"5a4c8cc\" data-element_type=\"container\" data-settings=\"{&quot;background_background&quot;:&quot;classic&quot;}\">\n\t\t\t\t\t<div class=\"e-con-inner\">\n\t\t<div class=\"elementor-element elementor-element-cf25c63 e-con-full e-flex e-con e-child\" data-id=\"cf25c63\" data-element_type=\"container\">\n\t\t\t\t<div class=\"elementor-element elementor-element-12f1430 elementor-widget-tablet__width-inherit elementor-widget elementor-widget-heading\" data-id=\"12f1430\" data-element_type=\"widget\" data-widget_type=\"heading.default\">\n\t\t\t\t\t<h2 class=\"elementor-heading-title elementor-size-default\">Fundadores de artes Miami - $100 por fundador<\/h2>\t\t\t\t<\/div>\n\t\t\t\t<div class=\"elementor-element elementor-element-580bbf0 elementor-widget elementor-widget-text-editor\" data-id=\"580bbf0\" data-element_type=\"widget\" data-widget_type=\"text-editor.default\">\n\t\t\t\t\t\t\t\t\t<p>Los beneficios incluyen:<\/p><ul class=\"default\"><li>Invitaci\u00f3n a por lo menos una actividad o recepci\u00f3n social por a\u00f1o, patrocinados por Artes Miami.<\/li><li>Invitaci\u00f3n a por lo menos un c\u00f3ctel de VIP auspiciado por ArtesMiami u otras organizaciones culturales.<\/li><li>Inclusi\u00f3n de los nombres de Fundadores en comunicados de prensa distribuidos por correo electr\u00f3nico a la lista de medios de Artes Miami.<\/li><li>Un regalo de un libro publicado por EDITORIAL ARTESMIAMI.<\/li><li>Invitaci\u00f3n a por lo menos a un acontecimiento cultural patrocinado por Artes Miami.<\/li><\/ul>\t\t\t\t\t\t\t\t<\/div>\n\t\t\t\t<\/div>\n\t\t\t\t\t<\/div>\n\t\t\t\t<\/div>\n\t\t<div class=\"elementor-element elementor-element-7f9a30e e-con-full e-flex e-con e-parent\" data-id=\"7f9a30e\" data-element_type=\"container\">\n\t\t<div class=\"elementor-element elementor-element-cd47c97 e-con-full e-flex e-con e-child\" data-id=\"cd47c97\" data-element_type=\"container\" data-settings=\"{&quot;background_background&quot;:&quot;classic&quot;}\">\n\t\t\t\t<div class=\"elementor-element elementor-element-8d8a1c1 elementor-widget elementor-widget-heading\" data-id=\"8d8a1c1\" data-element_type=\"widget\" data-widget_type=\"heading.default\">\n\t\t\t\t\t<h3 class=\"elementor-heading-title elementor-size-default\">Asociados de Artes Miami \u2013 $30 por persona<\/h3>\t\t\t\t<\/div>\n\t\t\t\t<div class=\"elementor-element elementor-element-9d125bc elementor-widget elementor-widget-text-editor\" data-id=\"9d125bc\" data-element_type=\"widget\" data-widget_type=\"text-editor.default\">\n\t\t\t\t\t\t\t\t\t<ul class=\"default\"><li>Invitaci\u00f3n a por lo menos un acontecimiento cultural patrocinado por Artes Miami.<\/li><li>Un regalo de un libro publicado por EDITORIAL ARTESMIAMI (valor de $10-$15).<\/li><\/ul>\t\t\t\t\t\t\t\t<\/div>\n\t\t\t\t<\/div>\n\t\t<div class=\"elementor-element elementor-element-ce098eb e-con-full e-flex e-con e-child\" data-id=\"ce098eb\" data-element_type=\"container\" data-settings=\"{&quot;background_background&quot;:&quot;classic&quot;}\">\n\t\t\t\t<div class=\"elementor-element elementor-element-e89d423 elementor-widget elementor-widget-heading\" data-id=\"e89d423\" data-element_type=\"widget\" data-widget_type=\"heading.default\">\n\t\t\t\t\t<h3 class=\"elementor-heading-title elementor-size-default\">Otras oportunidades del patrocinio<\/h3>\t\t\t\t<\/div>\n\t\t\t\t<div class=\"elementor-element elementor-element-86815e3 elementor-widget elementor-widget-text-editor\" data-id=\"86815e3\" data-element_type=\"widget\" data-widget_type=\"text-editor.default\">\n\t\t\t\t\t\t\t\t\t<p>Otras oportunidades del patrocinio tendr\u00e1n beneficios a la medida de sus necesidades y objetivos:<\/p><ul class=\"default\"><li>C\u00edrculo de Plata: Patrocinio de $2,500 &#8211; $4.999<\/li><li>C\u00edrculo de Oro: Patrocinio de $5,000 &#8211; $9.999<\/li><li>C\u00edrculo de Platino: Patrocinio de $10,000+<\/li><\/ul>\t\t\t\t\t\t\t\t<\/div>\n\t\t\t\t<\/div>\n\t\t\t\t<\/div>\n\t\t<div class=\"elementor-element elementor-element-ad4643e e-flex e-con-boxed e-con e-parent\" data-id=\"ad4643e\" data-element_type=\"container\" data-settings=\"{&quot;background_background&quot;:&quot;classic&quot;}\">\n\t\t\t\t\t<div class=\"e-con-inner\">\n\t\t<div class=\"elementor-element elementor-element-7ac4169 e-con-full e-flex e-con e-child\" data-id=\"7ac4169\" data-element_type=\"container\">\n\t\t\t\t<div class=\"elementor-element elementor-element-ef91d28 elementor-widget elementor-widget-heading\" data-id=\"ef91d28\" data-element_type=\"widget\" data-widget_type=\"heading.default\">\n\t\t\t\t\t<h2 class=\"elementor-heading-title elementor-size-default\">\u00a1Suscr\u00edbete a nuestro bolet\u00edn!<\/h2>\t\t\t\t<\/div>\n\t\t<div class=\"elementor-element elementor-element-dc0ab60 e-con-full e-flex e-con e-child\" data-id=\"dc0ab60\" data-element_type=\"container\">\n\t\t\t\t<div class=\"elementor-element elementor-element-e02fa6b elementor-button-align-stretch elementor-widget elementor-widget-form\" data-id=\"e02fa6b\" data-element_type=\"widget\" data-settings=\"{&quot;button_width&quot;:&quot;30&quot;,&quot;step_next_label&quot;:&quot;Next&quot;,&quot;step_previous_label&quot;:&quot;Previous&quot;,&quot;step_type&quot;:&quot;number_text&quot;,&quot;step_icon_shape&quot;:&quot;circle&quot;}\" data-widget_type=\"form.default\">\n\t\t\t\t\t\t\t<form class=\"elementor-form\" method=\"post\" name=\"New Form\" aria-label=\"New Form\">\n\t\t\t<input type=\"hidden\" name=\"post_id\" value=\"1269\"\/>\n\t\t\t<input type=\"hidden\" name=\"form_id\" value=\"e02fa6b\"\/>\n\t\t\t<input type=\"hidden\" name=\"referer_title\" value=\"Ap\u00f3yanos - ArtesMiami | Promoting Hispanic Art and Culture in South Florida\" \/>\n\n\t\t\t\t\t\t\t<input type=\"hidden\" name=\"queried_id\" value=\"1269\"\/>\n\t\t\t\n\t\t\t<div class=\"elementor-form-fields-wrapper elementor-labels-\">\n\t\t\t\t\t\t\t\t<div class=\"elementor-field-type-email elementor-field-group elementor-column elementor-field-group-email elementor-col-70 elementor-field-required\">\n\t\t\t\t\t\t\t\t\t\t\t\t<label for=\"form-field-email\" class=\"elementor-field-label elementor-screen-only\">\n\t\t\t\t\t\t\t\tEmail\t\t\t\t\t\t\t<\/label>\n\t\t\t\t\t\t\t\t\t\t\t\t\t\t<input size=\"1\" type=\"email\" name=\"form_fields[email]\" id=\"form-field-email\" class=\"elementor-field elementor-size-md  elementor-field-textual\" placeholder=\"Enter your email here!\" required=\"required\">\n\t\t\t\t\t\t\t\t\t\t\t<\/div>\n\t\t\t\t\t\t\t\t<div class=\"elementor-field-group elementor-column elementor-field-type-submit elementor-col-30 e-form__buttons\">\n\t\t\t\t\t<button class=\"elementor-button elementor-size-sm\" type=\"submit\">\n\t\t\t\t\t\t<span class=\"elementor-button-content-wrapper\">\n\t\t\t\t\t\t\t\t\t\t\t\t\t\t\t\t\t\t\t\t\t\t<span class=\"elementor-button-text\">Subscribe<\/span>\n\t\t\t\t\t\t\t\t\t\t\t\t\t<\/span>\n\t\t\t\t\t<\/button>\n\t\t\t\t<\/div>\n\t\t\t<\/div>\n\t\t<\/form>\n\t\t\t\t\t\t<\/div>\n\t\t\t\t<\/div>\n\t\t\t\t<div class=\"elementor-element elementor-element-9154380 elementor-widget__width-inherit elementor-widget-tablet__width-inherit elementor-widget elementor-widget-text-editor\" data-id=\"9154380\" data-element_type=\"widget\" data-widget_type=\"text-editor.default\">\n\t\t\t\t\t\t\t\t\t<p>Si desea cancelar la suscripci\u00f3n en el futuro, s\u00f3lo tiene que escribirnos a <a href=\"mailto:info@artesmiami.org\">info@artesmiami.org<\/a>. Recibir\u00e1 un correo electr\u00f3nico para confirmar que le hemos cancelado la suscripci\u00f3n.<br \/>Propiedad literaria \u00a9 2011, de Artes Miami; todos los derechos reservados.<\/p>\t\t\t\t\t\t\t\t<\/div>\n\t\t\t\t<div class=\"elementor-element elementor-element-4b0dafa elementor-widget elementor-widget-text-editor\" data-id=\"4b0dafa\" data-element_type=\"widget\" data-widget_type=\"text-editor.default\">\n\t\t\t\t\t\t\t\t\t<p><b>NOTA:<\/b>\u00a0ArtesMiami, Inc. aprecia mucho su apoyo y su patrocinio. Su direcci\u00f3n de correo electr\u00f3nico ser\u00e1 incluida en nuestra base de datos si desea recibir correos electr\u00f3nicos de nuestra organizaci\u00f3n, as\u00ed como invitaciones a eventos que auspiciamos. Reconocemos que la privacidad es importante para Ud. y, por lo tanto, no venderemos ni alquilaremos ni daremos su nombre o direcci\u00f3n a nadie ni a ninguna compa\u00f1\u00eda u organizaci\u00f3n.<\/p>\t\t\t\t\t\t\t\t<\/div>\n\t\t\t\t<\/div>\n\t\t\t\t\t<\/div>\n\t\t\t\t<\/div>\n\t\t\t\t<\/div>\n\t\t","protected":false},"excerpt":{"rendered":"<p>Volver al Inicio \u00a1Dona ahora y \u00fanete a todos nuestros queridos benefactores! \u00a1Haz tu donaci\u00f3n aqu\u00ed! ArtesMiami Sponsorship Levels Patrocinador Diamante \u2013 $10,000 o m\u00e1s Patrocinador Platino \u2013 $5,000 a $9,999 Patrocinador Oro \u2013 $2,500 a $4,999 Patrocinador Plata \u2013 $1,000 a $2,499 Patrocinador Bronce \u2013 $500 a $999 Amigo \u2013 $100 a $499 Miembro [&hellip;]<\/p>\n","protected":false},"author":1,"featured_media":0,"parent":0,"menu_order":0,"comment_status":"closed","ping_status":"closed","template":"","meta":{"_acf_changed":false,"h5ap_radio_sources":[],"footnotes":""},"class_list":["post-1269","page","type-page","status-publish","hentry"],"acf":[],"_links":{"self":[{"href":"https:\/\/artesmiami.org\/es\/wp-json\/wp\/v2\/pages\/1269","targetHints":{"allow":["GET"]}}],"collection":[{"href":"https:\/\/artesmiami.org\/es\/wp-json\/wp\/v2\/pages"}],"about":[{"href":"https:\/\/artesmiami.org\/es\/wp-json\/wp\/v2\/types\/page"}],"author":[{"embeddable":true,"href":"https:\/\/artesmiami.org\/es\/wp-json\/wp\/v2\/users\/1"}],"replies":[{"embeddable":true,"href":"https:\/\/artesmiami.org\/es\/wp-json\/wp\/v2\/comments?post=1269"}],"version-history":[{"count":34,"href":"https:\/\/artesmiami.org\/es\/wp-json\/wp\/v2\/pages\/1269\/revisions"}],"predecessor-version":[{"id":2468,"href":"https:\/\/artesmiami.org\/es\/wp-json\/wp\/v2\/pages\/1269\/revisions\/2468"}],"wp:attachment":[{"href":"https:\/\/artesmiami.org\/es\/wp-json\/wp\/v2\/media?parent=1269"}],"curies":[{"name":"wp","href":"https:\/\/api.w.org\/{rel}","templated":true}]}}