{"id":1330,"date":"2025-10-14T22:35:48","date_gmt":"2025-10-14T22:35:48","guid":{"rendered":"https:\/\/artesmiami.org\/?page_id=1330"},"modified":"2025-11-07T22:45:52","modified_gmt":"2025-11-07T22:45:52","slug":"politicas-de-privacidad","status":"publish","type":"page","link":"https:\/\/artesmiami.org\/es\/politicas-de-privacidad\/","title":{"rendered":"Pol\u00edticas de Privacidad"},"content":{"rendered":"\t\t<div data-elementor-type=\"wp-page\" data-elementor-id=\"1330\" class=\"elementor elementor-1330 elementor-3\" data-elementor-post-type=\"page\">\n\t\t\t\t<div class=\"elementor-element elementor-element-a430661 e-flex e-con-boxed e-con e-parent\" data-id=\"a430661\" data-element_type=\"container\" data-settings=\"{&quot;background_background&quot;:&quot;classic&quot;}\">\n\t\t\t\t\t<div class=\"e-con-inner\">\n\t\t\t\t<div class=\"elementor-element elementor-element-cca3b68 elementor-view-framed elementor-position-left elementor-mobile-position-left elementor-shape-circle elementor-widget elementor-widget-icon-box\" data-id=\"cca3b68\" data-element_type=\"widget\" data-widget_type=\"icon-box.default\">\n\t\t\t\t\t\t\t<div class=\"elementor-icon-box-wrapper\">\n\n\t\t\t\t\t\t<div class=\"elementor-icon-box-icon\">\n\t\t\t\t<a href=\"https:\/\/artesmiami.org\/es\/\" class=\"elementor-icon\" tabindex=\"-1\" aria-label=\"Back to Home\">\n\t\t\t\t<svg xmlns=\"http:\/\/www.w3.org\/2000\/svg\" id=\"Capa_1\" viewBox=\"0 0 25 25\"><polygon points=\"17.2 24.8 6.3 12.5 17.2 .2 18.7 1.5 9 12.5 18.7 23.5 17.2 24.8\" fill=\"currentColor\"><\/polygon><\/svg>\t\t\t\t<\/a>\n\t\t\t<\/div>\n\t\t\t\n\t\t\t\t\t\t<div class=\"elementor-icon-box-content\">\n\n\t\t\t\t\t\t\t\t\t<h3 class=\"elementor-icon-box-title\">\n\t\t\t\t\t\t<a href=\"https:\/\/artesmiami.org\/es\/\" >\n\t\t\t\t\t\t\tBack to Home\t\t\t\t\t\t<\/a>\n\t\t\t\t\t<\/h3>\n\t\t\t\t\n\t\t\t\t\n\t\t\t<\/div>\n\t\t\t\n\t\t<\/div>\n\t\t\t\t\t\t<\/div>\n\t\t\t\t<div class=\"elementor-element elementor-element-6ea4b80 elementor-widget elementor-widget-heading\" data-id=\"6ea4b80\" data-element_type=\"widget\" data-widget_type=\"heading.default\">\n\t\t\t\t\t<h2 class=\"elementor-heading-title elementor-size-default\">Pol\u00edticas de Privacidad<\/h2>\t\t\t\t<\/div>\n\t\t\t\t<div class=\"elementor-element elementor-element-dce7eef elementor-widget-divider--view-line elementor-widget elementor-widget-divider\" data-id=\"dce7eef\" data-element_type=\"widget\" data-widget_type=\"divider.default\">\n\t\t\t\t\t\t\t<div class=\"elementor-divider\">\n\t\t\t<span class=\"elementor-divider-separator\">\n\t\t\t\t\t\t<\/span>\n\t\t<\/div>\n\t\t\t\t\t\t<\/div>\n\t\t\t\t\t<\/div>\n\t\t\t\t<\/div>\n\t\t<div class=\"elementor-element elementor-element-c0182a5 e-flex e-con-boxed e-con e-parent\" data-id=\"c0182a5\" data-element_type=\"container\">\n\t\t\t\t\t<div class=\"e-con-inner\">\n\t\t<div class=\"elementor-element elementor-element-318a049 e-con-full e-flex e-con e-child\" data-id=\"318a049\" data-element_type=\"container\">\n\t\t\t\t<div class=\"elementor-element elementor-element-e0101e4 elementor-widget elementor-widget-text-editor\" data-id=\"e0101e4\" data-element_type=\"widget\" data-widget_type=\"text-editor.default\">\n\t\t\t\t\t\t\t\t\t<h5>Contacto<\/h5><p>ArtesMiami, Inc.<br \/>445 Grand Bay Drive, #501<br \/>Key Biscayne, FL 33149<\/p><h5>Propiedad<\/h5><ul class=\"default\"><li>ArtesMiami es una organizaci\u00f3n sin \u00e1nimo de lucro, 501 (c) 3, inscrita en el estado de Florida. Puede solicitar una carta de determinaci\u00f3n del IRS escribi\u00e9ndonos a\u00a0<a href=\"mailto:info@artesmiami.org\"><b>info@artesmiami.org<\/b><\/a>.<\/li><li>La Presidenta de ArtesMiami, Inc. es la Dra. Aida Levitan; el Vicepresidente es Alex Hern\u00e1ndez Fumero. Los Fundadores aparecen en el sitio web.<\/li><\/ul><h5>Prop\u00f3sito<\/h5><p>El prop\u00f3sito de este sitio web es de informar el p\u00fablico acerca de la misi\u00f3n y programas de ArtesMiami, los artistas que destaca, y patrocinadores de ArtesMiami, as\u00ed como el inspirar el p\u00fablico a participar en y prestar apoyo a la organizaci\u00f3n.<\/p><h5>Copyright<\/h5><p>Derechos de autor \u00a9ArtesMiami: todos los derechos est\u00e1n reservados. Todos los permisos con respecto a duplicaci\u00f3n electr\u00f3nica o impresa, retransmisi\u00f3n, la redistribuci\u00f3n u otros usos de materiales de este sitio web deben ser conseguidos por escrito, pidiendo permiso a ArtesMiami, Inc. Para preguntas que relacionadas con este sitio web, favor de enviar un correo electr\u00f3nico a\u00a0<a href=\"mailto:info@artesmiami.org\"><b>info@artesmiami.org<\/b><\/a>.<\/p><h5>Honorarios<\/h5><p>El uso del sitio es gratuito para uso no comercial.<\/p><h5>Para rectificar informaci\u00f3n<\/h5><p>Si descubre informaci\u00f3n inexacta o incorrecta en este sitio web, env\u00ede la rectificaci\u00f3n a\u00a0<a href=\"mailto:info@artesmiami.org\"><b>info@artesmiami.org<\/b><\/a>.<\/p><h5>Pol\u00edtica de Privacidad<\/h5><ul class=\"default\"><li>Datos tales como datos de contacto, su direcci\u00f3n de correo electr\u00f3nico y direcci\u00f3n postal, se mantienen una base de datos utilizada por ArtesMiami s\u00f3lo comunicarnos con Ud., a menos que Ud. cancele la suscripci\u00f3n a nuestra lista<\/li><li>Recopilamos datos de correos electr\u00f3nico y direcciones postales de una variedad de fuentes inclusive organizaciones de socios y listas de archivos p\u00fablicos. No compartiremos ninguna informaci\u00f3n con entidades lucrativas u organizaciones comerciales.<\/li><li>Aceptaremos su petici\u00f3n de que no se le env\u00ede correos electr\u00f3nico ni otras comunicaciones si Ud. cancela la suscripci\u00f3n de nuestra lista. Favor de escribirnos a info@artesmiami.org si desea cancelar la suscripci\u00f3n.<\/li><\/ul><h5>Cookies<\/h5><p>Nuestro servidor no coloca \u00abcookies\u00bb o \u00abgalletas\u00bb en su computadora.<\/p><h5>Navegadores<\/h5><p>Este sitio funciona de manera eficaz con Internet Explorer, Safari, Cromo, Firefox y Opera.<\/p>\t\t\t\t\t\t\t\t<\/div>\n\t\t\t\t<\/div>\n\t\t\t\t\t<\/div>\n\t\t\t\t<\/div>\n\t\t\t\t<\/div>\n\t\t","protected":false},"excerpt":{"rendered":"<p>Back to Home Contacto ArtesMiami, Inc.445 Grand Bay Drive, #501Key Biscayne, FL 33149 Propiedad ArtesMiami es una organizaci\u00f3n sin \u00e1nimo de lucro, 501 (c) 3, inscrita en el estado de Florida. Puede solicitar una carta de determinaci\u00f3n del IRS escribi\u00e9ndonos a\u00a0info@artesmiami.org. La Presidenta de ArtesMiami, Inc. es la Dra. Aida Levitan; el Vicepresidente es Alex [&hellip;]<\/p>\n","protected":false},"author":1,"featured_media":0,"parent":0,"menu_order":0,"comment_status":"closed","ping_status":"open","template":"","meta":{"_acf_changed":false,"h5ap_radio_sources":[],"footnotes":""},"class_list":["post-1330","page","type-page","status-publish","hentry"],"acf":[],"_links":{"self":[{"href":"https:\/\/artesmiami.org\/es\/wp-json\/wp\/v2\/pages\/1330","targetHints":{"allow":["GET"]}}],"collection":[{"href":"https:\/\/artesmiami.org\/es\/wp-json\/wp\/v2\/pages"}],"about":[{"href":"https:\/\/artesmiami.org\/es\/wp-json\/wp\/v2\/types\/page"}],"author":[{"embeddable":true,"href":"https:\/\/artesmiami.org\/es\/wp-json\/wp\/v2\/users\/1"}],"replies":[{"embeddable":true,"href":"https:\/\/artesmiami.org\/es\/wp-json\/wp\/v2\/comments?post=1330"}],"version-history":[{"count":13,"href":"https:\/\/artesmiami.org\/es\/wp-json\/wp\/v2\/pages\/1330\/revisions"}],"predecessor-version":[{"id":1899,"href":"https:\/\/artesmiami.org\/es\/wp-json\/wp\/v2\/pages\/1330\/revisions\/1899"}],"wp:attachment":[{"href":"https:\/\/artesmiami.org\/es\/wp-json\/wp\/v2\/media?parent=1330"}],"curies":[{"name":"wp","href":"https:\/\/api.w.org\/{rel}","templated":true}]}}